{"id":131,"date":"2026-02-11T04:36:49","date_gmt":"2026-02-11T04:36:49","guid":{"rendered":"https:\/\/cojimies.com\/?page_id=131"},"modified":"2026-04-15T03:56:02","modified_gmt":"2026-04-15T03:56:02","slug":"terapia-familiar-en-quito-y-cumbaya","status":"publish","type":"page","link":"https:\/\/cojimies.com\/index.php\/terapia-familiar-en-quito-y-cumbaya\/","title":{"rendered":"Terapia familiar en Quito y Cumbay\u00e1"},"content":{"rendered":"\t\t<div data-elementor-type=\"wp-page\" data-elementor-id=\"131\" class=\"elementor elementor-131\" data-elementor-post-type=\"page\">\n\t\t\t\t<div class=\"elementor-element elementor-element-1aeff52 e-flex e-con-boxed e-con e-parent\" data-id=\"1aeff52\" data-element_type=\"container\" data-e-type=\"container\">\n\t\t\t\t\t<div class=\"e-con-inner\">\n\t\t\t\t<div class=\"elementor-element elementor-element-3b6d3fb elementor-widget elementor-widget-heading\" data-id=\"3b6d3fb\" data-element_type=\"widget\" data-e-type=\"widget\" data-widget_type=\"heading.default\">\n\t\t\t\t\t<h1 class=\"elementor-heading-title elementor-size-default\">Terapia familiar en Quito y Cumbay\u00e1<\/h1>\t\t\t\t<\/div>\n\t\t\t\t\t<\/div>\n\t\t\t\t<\/div>\n\t\t<div class=\"elementor-element elementor-element-4e60eb0 e-flex e-con-boxed e-con e-parent\" data-id=\"4e60eb0\" data-element_type=\"container\" data-e-type=\"container\">\n\t\t\t\t\t<div class=\"e-con-inner\">\n\t\t<div class=\"elementor-element elementor-element-f0f2f9d e-con-full e-flex e-con e-child\" data-id=\"f0f2f9d\" data-element_type=\"container\" data-e-type=\"container\">\n\t\t\t\t<div class=\"elementor-element elementor-element-5678f6f elementor-widget elementor-widget-image\" data-id=\"5678f6f\" data-element_type=\"widget\" data-e-type=\"widget\" data-widget_type=\"image.default\">\n\t\t\t\t\t\t\t\t\t\t\t\t\t\t\t<img fetchpriority=\"high\" decoding=\"async\" width=\"1217\" height=\"811\" src=\"https:\/\/cojimies.com\/wp-content\/uploads\/2026\/03\/terapia-familia-eliana-illanez.webp\" class=\"attachment-full size-full wp-image-436\" alt=\"\" srcset=\"https:\/\/cojimies.com\/wp-content\/uploads\/2026\/03\/terapia-familia-eliana-illanez.webp 1217w, https:\/\/cojimies.com\/wp-content\/uploads\/2026\/03\/terapia-familia-eliana-illanez-300x200.webp 300w, https:\/\/cojimies.com\/wp-content\/uploads\/2026\/03\/terapia-familia-eliana-illanez-1024x682.webp 1024w, https:\/\/cojimies.com\/wp-content\/uploads\/2026\/03\/terapia-familia-eliana-illanez-768x512.webp 768w\" sizes=\"(max-width: 1217px) 100vw, 1217px\" \/>\t\t\t\t\t\t\t\t\t\t\t\t\t\t\t<\/div>\n\t\t\t\t<\/div>\n\t\t\t\t\t<\/div>\n\t\t\t\t<\/div>\n\t\t<div class=\"elementor-element elementor-element-7385368 e-flex e-con-boxed e-con e-parent\" data-id=\"7385368\" data-element_type=\"container\" data-e-type=\"container\">\n\t\t\t\t\t<div class=\"e-con-inner\">\n\t\t\t\t<div class=\"elementor-element elementor-element-0e38f4d elementor-widget elementor-widget-text-editor\" data-id=\"0e38f4d\" data-element_type=\"widget\" data-e-type=\"widget\" data-widget_type=\"text-editor.default\">\n\t\t\t\t\t\t\t\t\t<h2>\u00bfPara qu\u00e9 sirve la terapia familiar?<\/h2><p>La terapia familiar ayuda a ordenar din\u00e1micas que generan tensi\u00f3n en casa, mejorar la comunicaci\u00f3n y construir acuerdos reales para convivir con m\u00e1s respeto. Brindo atenci\u00f3n presencial en Quito y Cumbay\u00e1 (y telepsicolog\u00eda seg\u00fan coordinaci\u00f3n), con un proceso guiado para reducir conflictos y fortalecer el v\u00ednculo familiar.<\/p><p><strong>Se trabaja con frecuencia en:<\/strong><\/p><ul><li>Conflictos repetitivos entre padres e hijos<\/li><li>L\u00edmites, normas, autoridad y convivencia<\/li><li>Comunicaci\u00f3n dif\u00edcil, discusiones y escaladas<\/li><li>Crisis familiares por cambios de etapa (adolescencia, independencia, nido vac\u00edo)<\/li><li>Cuidado y acompa\u00f1amiento de adultos mayores (roles y desgaste del cuidador)<\/li><li>Situaciones de separaci\u00f3n\/divorcio y reordenamiento familiar<\/li><\/ul><h2>Situaciones comunes que se abordan en terapia familiar<\/h2><ul><li>Establecimiento de l\u00edmites y normas claras, sostenibles y acordadas.<\/li><li>Resoluci\u00f3n de conflictos entre padres e hijos sin escaladas.<\/li><li>Mejora de la comunicaci\u00f3n y escucha dentro del hogar.<\/li><li>Mediaci\u00f3n en crisis familiares y reorganizaci\u00f3n de roles.<\/li><li>Apoyo en crianza y acuerdos parentales.<\/li><li>Orientaci\u00f3n a familias con adultos mayores para organizaci\u00f3n del cuidado y soporte emocional a cuidadores.<\/li><\/ul><h2>\u00bfC\u00f3mo es la primera sesi\u00f3n de terapia familiar?<\/h2><p>La primera sesi\u00f3n busca entender el problema desde la perspectiva de cada miembro, sin etiquetar ni culpabilizar. Identificamos qu\u00e9 est\u00e1 sosteniendo el conflicto, qu\u00e9 intentos de soluci\u00f3n ya se han hecho y qu\u00e9 acuerdos m\u00ednimos pueden implementarse desde el inicio.<\/p><p><strong>En la primera sesi\u00f3n usualmente trabajamos:<\/strong><\/p><ul><li>Motivo principal y expectativas de cada integrante<\/li><li>Patrones de conflicto: c\u00f3mo se inicia, c\u00f3mo escala y c\u00f3mo se resuelve<\/li><li>Reglas del hogar: l\u00edmites, roles y responsabilidades<\/li><li>Objetivos claros y medibles (qu\u00e9 ser\u00eda \u201cmejorar\u201d en la pr\u00e1ctica)<\/li><li>Acuerdos b\u00e1sicos de respeto para sostener el proceso<\/li><\/ul><h2>Enfoques terap\u00e9uticos<\/h2><h3>Terapia Cognitivo-Conductual (TCC)<\/h3><p>Herramientas para regular emociones, mejorar habilidades de comunicaci\u00f3n, fortalecer l\u00edmites y entrenar respuestas m\u00e1s \u00fatiles en situaciones de tensi\u00f3n.<\/p><h3>Terapia Sist\u00e9mica Relacional<\/h3><p>Comprensi\u00f3n de la familia como sistema: roles, reglas, comunicaci\u00f3n y ciclos de vida, promoviendo cambios sostenibles y acuerdos que funcionen en el d\u00eda a d\u00eda.<\/p>\t\t\t\t\t\t\t\t<\/div>\n\t\t\t\t\t<\/div>\n\t\t\t\t<\/div>\n\t\t<div class=\"elementor-element elementor-element-28f2fb8 e-flex e-con-boxed e-con e-parent\" data-id=\"28f2fb8\" data-element_type=\"container\" data-e-type=\"container\">\n\t\t\t\t\t<div class=\"e-con-inner\">\n\t\t\t\t<div class=\"elementor-element elementor-element-69b1c0e elementor-widget elementor-widget-heading\" data-id=\"69b1c0e\" data-element_type=\"widget\" data-e-type=\"widget\" data-widget_type=\"heading.default\">\n\t\t\t\t\t<h2 class=\"elementor-heading-title elementor-size-default\">Preguntas frecuentes respecto a Terapia familiar en Quito y Cumbay\u00e1<\/h2>\t\t\t\t<\/div>\n\t\t\t\t<div class=\"elementor-element elementor-element-b44f5fb elementor-widget elementor-widget-n-accordion\" data-id=\"b44f5fb\" data-element_type=\"widget\" data-e-type=\"widget\" data-settings=\"{&quot;default_state&quot;:&quot;expanded&quot;,&quot;max_items_expended&quot;:&quot;one&quot;,&quot;n_accordion_animation_duration&quot;:{&quot;unit&quot;:&quot;ms&quot;,&quot;size&quot;:400,&quot;sizes&quot;:[]}}\" data-widget_type=\"nested-accordion.default\">\n\t\t\t\t\t\t\t<div class=\"e-n-accordion\" aria-label=\"Accordion. Open links with Enter or Space, close with Escape, and navigate with Arrow Keys\">\n\t\t\t\t\t\t<details id=\"e-n-accordion-item-1890\" class=\"e-n-accordion-item\" open>\n\t\t\t\t<summary class=\"e-n-accordion-item-title\" data-accordion-index=\"1\" tabindex=\"0\" aria-expanded=\"true\" aria-controls=\"e-n-accordion-item-1890\" >\n\t\t\t\t\t<span class='e-n-accordion-item-title-header'><div class=\"e-n-accordion-item-title-text\"> \u00bfLa terapia familiar funciona si una persona \u201ces la que tiene el problema\u201d? Respuesta: <\/div><\/span>\n\t\t\t\t\t\t\t<span class='e-n-accordion-item-title-icon'>\n\t\t\t<span class='e-opened' ><svg aria-hidden=\"true\" class=\"e-font-icon-svg e-fas-minus\" viewBox=\"0 0 448 512\" xmlns=\"http:\/\/www.w3.org\/2000\/svg\"><path d=\"M416 208H32c-17.67 0-32 14.33-32 32v32c0 17.67 14.33 32 32 32h384c17.67 0 32-14.33 32-32v-32c0-17.67-14.33-32-32-32z\"><\/path><\/svg><\/span>\n\t\t\t<span class='e-closed'><svg aria-hidden=\"true\" class=\"e-font-icon-svg e-fas-plus\" viewBox=\"0 0 448 512\" xmlns=\"http:\/\/www.w3.org\/2000\/svg\"><path d=\"M416 208H272V64c0-17.67-14.33-32-32-32h-32c-17.67 0-32 14.33-32 32v144H32c-17.67 0-32 14.33-32 32v32c0 17.67 14.33 32 32 32h144v144c0 17.67 14.33 32 32 32h32c17.67 0 32-14.33 32-32V304h144c17.67 0 32-14.33 32-32v-32c0-17.67-14.33-32-32-32z\"><\/path><\/svg><\/span>\n\t\t<\/span>\n\n\t\t\t\t\t\t<\/summary>\n\t\t\t\t<div role=\"region\" aria-labelledby=\"e-n-accordion-item-1890\" class=\"elementor-element elementor-element-30d01e7 e-con-full e-flex e-con e-child\" data-id=\"30d01e7\" data-element_type=\"container\" data-e-type=\"container\">\n\t\t\t\t<div class=\"elementor-element elementor-element-c1a9af6 elementor-widget elementor-widget-text-editor\" data-id=\"c1a9af6\" data-element_type=\"widget\" data-e-type=\"widget\" data-widget_type=\"text-editor.default\">\n\t\t\t\t\t\t\t\t\t<p>S\u00ed. Muchas veces el malestar se sostiene por din\u00e1micas relacionales. El objetivo no es culpar, sino entender c\u00f3mo se organiza el conflicto y construir acuerdos que ayuden a todos.<\/p>\t\t\t\t\t\t\t\t<\/div>\n\t\t\t\t<\/div>\n\t\t\t\t\t<\/details>\n\t\t\t\t\t\t<details id=\"e-n-accordion-item-1891\" class=\"e-n-accordion-item\" >\n\t\t\t\t<summary class=\"e-n-accordion-item-title\" data-accordion-index=\"2\" tabindex=\"-1\" aria-expanded=\"false\" aria-controls=\"e-n-accordion-item-1891\" >\n\t\t\t\t\t<span class='e-n-accordion-item-title-header'><div class=\"e-n-accordion-item-title-text\"> \u00bfTrabajas conflictos entre padres e hijos? <\/div><\/span>\n\t\t\t\t\t\t\t<span class='e-n-accordion-item-title-icon'>\n\t\t\t<span class='e-opened' ><svg aria-hidden=\"true\" class=\"e-font-icon-svg e-fas-minus\" viewBox=\"0 0 448 512\" xmlns=\"http:\/\/www.w3.org\/2000\/svg\"><path d=\"M416 208H32c-17.67 0-32 14.33-32 32v32c0 17.67 14.33 32 32 32h384c17.67 0 32-14.33 32-32v-32c0-17.67-14.33-32-32-32z\"><\/path><\/svg><\/span>\n\t\t\t<span class='e-closed'><svg aria-hidden=\"true\" class=\"e-font-icon-svg e-fas-plus\" viewBox=\"0 0 448 512\" xmlns=\"http:\/\/www.w3.org\/2000\/svg\"><path d=\"M416 208H272V64c0-17.67-14.33-32-32-32h-32c-17.67 0-32 14.33-32 32v144H32c-17.67 0-32 14.33-32 32v32c0 17.67 14.33 32 32 32h144v144c0 17.67 14.33 32 32 32h32c17.67 0 32-14.33 32-32V304h144c17.67 0 32-14.33 32-32v-32c0-17.67-14.33-32-32-32z\"><\/path><\/svg><\/span>\n\t\t<\/span>\n\n\t\t\t\t\t\t<\/summary>\n\t\t\t\t<div role=\"region\" aria-labelledby=\"e-n-accordion-item-1891\" class=\"elementor-element elementor-element-46acab2 e-con-full e-flex e-con e-child\" data-id=\"46acab2\" data-element_type=\"container\" data-e-type=\"container\">\n\t\t\t\t<div class=\"elementor-element elementor-element-9c94f1a elementor-widget elementor-widget-text-editor\" data-id=\"9c94f1a\" data-element_type=\"widget\" data-e-type=\"widget\" data-widget_type=\"text-editor.default\">\n\t\t\t\t\t\t\t\t\t<p>S\u00ed. Se trabaja comunicaci\u00f3n, l\u00edmites, normas y resoluci\u00f3n de conflictos sin escaladas.<\/p>\t\t\t\t\t\t\t\t<\/div>\n\t\t\t\t<\/div>\n\t\t\t\t\t<\/details>\n\t\t\t\t\t\t<details id=\"e-n-accordion-item-1892\" class=\"e-n-accordion-item\" >\n\t\t\t\t<summary class=\"e-n-accordion-item-title\" data-accordion-index=\"3\" tabindex=\"-1\" aria-expanded=\"false\" aria-controls=\"e-n-accordion-item-1892\" >\n\t\t\t\t\t<span class='e-n-accordion-item-title-header'><div class=\"e-n-accordion-item-title-text\"> \u00bfSe puede hacer terapia familiar si hay separaci\u00f3n o divorcio? <\/div><\/span>\n\t\t\t\t\t\t\t<span class='e-n-accordion-item-title-icon'>\n\t\t\t<span class='e-opened' ><svg aria-hidden=\"true\" class=\"e-font-icon-svg e-fas-minus\" viewBox=\"0 0 448 512\" xmlns=\"http:\/\/www.w3.org\/2000\/svg\"><path d=\"M416 208H32c-17.67 0-32 14.33-32 32v32c0 17.67 14.33 32 32 32h384c17.67 0 32-14.33 32-32v-32c0-17.67-14.33-32-32-32z\"><\/path><\/svg><\/span>\n\t\t\t<span class='e-closed'><svg aria-hidden=\"true\" class=\"e-font-icon-svg e-fas-plus\" viewBox=\"0 0 448 512\" xmlns=\"http:\/\/www.w3.org\/2000\/svg\"><path d=\"M416 208H272V64c0-17.67-14.33-32-32-32h-32c-17.67 0-32 14.33-32 32v144H32c-17.67 0-32 14.33-32 32v32c0 17.67 14.33 32 32 32h144v144c0 17.67 14.33 32 32 32h32c17.67 0 32-14.33 32-32V304h144c17.67 0 32-14.33 32-32v-32c0-17.67-14.33-32-32-32z\"><\/path><\/svg><\/span>\n\t\t<\/span>\n\n\t\t\t\t\t\t<\/summary>\n\t\t\t\t<div role=\"region\" aria-labelledby=\"e-n-accordion-item-1892\" class=\"elementor-element elementor-element-0f90fba e-con-full e-flex e-con e-child\" data-id=\"0f90fba\" data-element_type=\"container\" data-e-type=\"container\">\n\t\t\t\t<div class=\"elementor-element elementor-element-79d5ccb elementor-widget elementor-widget-text-editor\" data-id=\"79d5ccb\" data-element_type=\"widget\" data-e-type=\"widget\" data-widget_type=\"text-editor.default\">\n\t\t\t\t\t\t\t\t\t<p>S\u00ed. Ayuda a reordenar roles, acuerdos parentales y convivencia, cuidando el bienestar emocional de los hijos.<\/p>\t\t\t\t\t\t\t\t<\/div>\n\t\t\t\t<\/div>\n\t\t\t\t\t<\/details>\n\t\t\t\t\t\t<details id=\"e-n-accordion-item-1893\" class=\"e-n-accordion-item\" >\n\t\t\t\t<summary class=\"e-n-accordion-item-title\" data-accordion-index=\"4\" tabindex=\"-1\" aria-expanded=\"false\" aria-controls=\"e-n-accordion-item-1893\" >\n\t\t\t\t\t<span class='e-n-accordion-item-title-header'><div class=\"e-n-accordion-item-title-text\"> \u00bfIncluye orientaci\u00f3n para familias con adultos mayores? <\/div><\/span>\n\t\t\t\t\t\t\t<span class='e-n-accordion-item-title-icon'>\n\t\t\t<span class='e-opened' ><svg aria-hidden=\"true\" class=\"e-font-icon-svg e-fas-minus\" viewBox=\"0 0 448 512\" xmlns=\"http:\/\/www.w3.org\/2000\/svg\"><path d=\"M416 208H32c-17.67 0-32 14.33-32 32v32c0 17.67 14.33 32 32 32h384c17.67 0 32-14.33 32-32v-32c0-17.67-14.33-32-32-32z\"><\/path><\/svg><\/span>\n\t\t\t<span class='e-closed'><svg aria-hidden=\"true\" class=\"e-font-icon-svg e-fas-plus\" viewBox=\"0 0 448 512\" xmlns=\"http:\/\/www.w3.org\/2000\/svg\"><path d=\"M416 208H272V64c0-17.67-14.33-32-32-32h-32c-17.67 0-32 14.33-32 32v144H32c-17.67 0-32 14.33-32 32v32c0 17.67 14.33 32 32 32h144v144c0 17.67 14.33 32 32 32h32c17.67 0 32-14.33 32-32V304h144c17.67 0 32-14.33 32-32v-32c0-17.67-14.33-32-32-32z\"><\/path><\/svg><\/span>\n\t\t<\/span>\n\n\t\t\t\t\t\t<\/summary>\n\t\t\t\t<div role=\"region\" aria-labelledby=\"e-n-accordion-item-1893\" class=\"elementor-element elementor-element-88cdfe1 e-con-full e-flex e-con e-child\" data-id=\"88cdfe1\" data-element_type=\"container\" data-e-type=\"container\">\n\t\t\t\t<div class=\"elementor-element elementor-element-a650b2c elementor-widget elementor-widget-text-editor\" data-id=\"a650b2c\" data-element_type=\"widget\" data-e-type=\"widget\" data-widget_type=\"text-editor.default\">\n\t\t\t\t\t\t\t\t\t<p>S\u00ed. Puede incluir organizaci\u00f3n del cuidado y soporte emocional a cuidadores.<\/p>\t\t\t\t\t\t\t\t<\/div>\n\t\t\t\t<\/div>\n\t\t\t\t\t<\/details>\n\t\t\t\t\t\t<details id=\"e-n-accordion-item-1894\" class=\"e-n-accordion-item\" >\n\t\t\t\t<summary class=\"e-n-accordion-item-title\" data-accordion-index=\"5\" tabindex=\"-1\" aria-expanded=\"false\" aria-controls=\"e-n-accordion-item-1894\" >\n\t\t\t\t\t<span class='e-n-accordion-item-title-header'><div class=\"e-n-accordion-item-title-text\"> \u00bfAtiendes presencial y telepsicolog\u00eda? <\/div><\/span>\n\t\t\t\t\t\t\t<span class='e-n-accordion-item-title-icon'>\n\t\t\t<span class='e-opened' ><svg aria-hidden=\"true\" class=\"e-font-icon-svg e-fas-minus\" viewBox=\"0 0 448 512\" xmlns=\"http:\/\/www.w3.org\/2000\/svg\"><path d=\"M416 208H32c-17.67 0-32 14.33-32 32v32c0 17.67 14.33 32 32 32h384c17.67 0 32-14.33 32-32v-32c0-17.67-14.33-32-32-32z\"><\/path><\/svg><\/span>\n\t\t\t<span class='e-closed'><svg aria-hidden=\"true\" class=\"e-font-icon-svg e-fas-plus\" viewBox=\"0 0 448 512\" xmlns=\"http:\/\/www.w3.org\/2000\/svg\"><path d=\"M416 208H272V64c0-17.67-14.33-32-32-32h-32c-17.67 0-32 14.33-32 32v144H32c-17.67 0-32 14.33-32 32v32c0 17.67 14.33 32 32 32h144v144c0 17.67 14.33 32 32 32h32c17.67 0 32-14.33 32-32V304h144c17.67 0 32-14.33 32-32v-32c0-17.67-14.33-32-32-32z\"><\/path><\/svg><\/span>\n\t\t<\/span>\n\n\t\t\t\t\t\t<\/summary>\n\t\t\t\t<div role=\"region\" aria-labelledby=\"e-n-accordion-item-1894\" class=\"elementor-element elementor-element-226203d e-con-full e-flex e-con e-child\" data-id=\"226203d\" data-element_type=\"container\" data-e-type=\"container\">\n\t\t\t\t<div class=\"elementor-element elementor-element-58f40ad elementor-widget elementor-widget-text-editor\" data-id=\"58f40ad\" data-element_type=\"widget\" data-e-type=\"widget\" data-widget_type=\"text-editor.default\">\n\t\t\t\t\t\t\t\t\t<p>S\u00ed. Atenci\u00f3n presencial en Quito y Cumbay\u00e1, y telepsicolog\u00eda seg\u00fan coordinaci\u00f3n.<\/p>\t\t\t\t\t\t\t\t<\/div>\n\t\t\t\t<\/div>\n\t\t\t\t\t<\/details>\n\t\t\t\t\t<\/div>\n\t\t\t\t\t\t<\/div>\n\t\t\t\t\t<\/div>\n\t\t\t\t<\/div>\n\t\t<div class=\"elementor-element elementor-element-6509d55 e-flex e-con-boxed e-con e-parent\" data-id=\"6509d55\" data-element_type=\"container\" data-e-type=\"container\">\n\t\t\t\t\t<div class=\"e-con-inner\">\n\t\t\t\t<div class=\"elementor-element elementor-element-71b2d1d elementor-widget elementor-widget-heading\" data-id=\"71b2d1d\" data-element_type=\"widget\" data-e-type=\"widget\" data-widget_type=\"heading.default\">\n\t\t\t\t\t<h2 class=\"elementor-heading-title elementor-size-default\">Si necesitasagendar una consulta escr\u00edbenos y enseguida nos cominicaremos:<\/h2>\t\t\t\t<\/div>\n\t\t\t\t\t<\/div>\n\t\t\t\t<\/div>\n\t\t<div class=\"elementor-element elementor-element-0e073e9 e-flex e-con-boxed e-con e-parent\" data-id=\"0e073e9\" data-element_type=\"container\" data-e-type=\"container\">\n\t\t\t\t\t<div class=\"e-con-inner\">\n\t\t\t\t<div class=\"elementor-element elementor-element-eaa8538 elementor-align-center elementor-widget elementor-widget-button\" data-id=\"eaa8538\" data-element_type=\"widget\" data-e-type=\"widget\" data-widget_type=\"button.default\">\n\t\t\t\t\t\t\t\t\t\t<a class=\"elementor-button elementor-button-link elementor-size-sm\" href=\"https:\/\/wa.link\/gsfdd3\">\n\t\t\t\t\t\t<span class=\"elementor-button-content-wrapper\">\n\t\t\t\t\t\t<span class=\"elementor-button-icon\">\n\t\t\t\t<svg aria-hidden=\"true\" class=\"e-font-icon-svg e-fab-whatsapp\" viewBox=\"0 0 448 512\" xmlns=\"http:\/\/www.w3.org\/2000\/svg\"><path d=\"M380.9 97.1C339 55.1 283.2 32 223.9 32c-122.4 0-222 99.6-222 222 0 39.1 10.2 77.3 29.6 111L0 480l117.7-30.9c32.4 17.7 68.9 27 106.1 27h.1c122.3 0 224.1-99.6 224.1-222 0-59.3-25.2-115-67.1-157zm-157 341.6c-33.2 0-65.7-8.9-94-25.7l-6.7-4-69.8 18.3L72 359.2l-4.4-7c-18.5-29.4-28.2-63.3-28.2-98.2 0-101.7 82.8-184.5 184.6-184.5 49.3 0 95.6 19.2 130.4 54.1 34.8 34.9 56.2 81.2 56.1 130.5 0 101.8-84.9 184.6-186.6 184.6zm101.2-138.2c-5.5-2.8-32.8-16.2-37.9-18-5.1-1.9-8.8-2.8-12.5 2.8-3.7 5.6-14.3 18-17.6 21.8-3.2 3.7-6.5 4.2-12 1.4-32.6-16.3-54-29.1-75.5-66-5.7-9.8 5.7-9.1 16.3-30.3 1.8-3.7.9-6.9-.5-9.7-1.4-2.8-12.5-30.1-17.1-41.2-4.5-10.8-9.1-9.3-12.5-9.5-3.2-.2-6.9-.2-10.6-.2-3.7 0-9.7 1.4-14.8 6.9-5.1 5.6-19.4 19-19.4 46.3 0 27.3 19.9 53.7 22.6 57.4 2.8 3.7 39.1 59.7 94.8 83.8 35.2 15.2 49 16.5 66.6 13.9 10.7-1.6 32.8-13.4 37.4-26.4 4.6-13 4.6-24.1 3.2-26.4-1.3-2.5-5-3.9-10.5-6.6z\"><\/path><\/svg>\t\t\t<\/span>\n\t\t\t\t\t\t\t\t\t<span class=\"elementor-button-text\">CONTACTA POR WHATSAPP<\/span>\n\t\t\t\t\t<\/span>\n\t\t\t\t\t<\/a>\n\t\t\t\t\t\t\t\t<\/div>\n\t\t\t\t\t<\/div>\n\t\t\t\t<\/div>\n\t\t\t\t<\/div>\n\t\t","protected":false},"excerpt":{"rendered":"<p>Terapia familiar en Quito y Cumbay\u00e1 \u00bfPara qu\u00e9 sirve la terapia familiar? La terapia familiar ayuda a ordenar din\u00e1micas que generan tensi\u00f3n en casa, mejorar la comunicaci\u00f3n y construir acuerdos reales para convivir con m\u00e1s respeto. Brindo atenci\u00f3n presencial en Quito y Cumbay\u00e1 (y telepsicolog\u00eda seg\u00fan coordinaci\u00f3n), con un proceso guiado para reducir conflictos y [&hellip;]<\/p>\n","protected":false},"author":1,"featured_media":0,"parent":0,"menu_order":0,"comment_status":"closed","ping_status":"closed","template":"","meta":{"footnotes":""},"class_list":["post-131","page","type-page","status-publish","hentry"],"_links":{"self":[{"href":"https:\/\/cojimies.com\/index.php\/wp-json\/wp\/v2\/pages\/131","targetHints":{"allow":["GET"]}}],"collection":[{"href":"https:\/\/cojimies.com\/index.php\/wp-json\/wp\/v2\/pages"}],"about":[{"href":"https:\/\/cojimies.com\/index.php\/wp-json\/wp\/v2\/types\/page"}],"author":[{"embeddable":true,"href":"https:\/\/cojimies.com\/index.php\/wp-json\/wp\/v2\/users\/1"}],"replies":[{"embeddable":true,"href":"https:\/\/cojimies.com\/index.php\/wp-json\/wp\/v2\/comments?post=131"}],"version-history":[{"count":17,"href":"https:\/\/cojimies.com\/index.php\/wp-json\/wp\/v2\/pages\/131\/revisions"}],"predecessor-version":[{"id":532,"href":"https:\/\/cojimies.com\/index.php\/wp-json\/wp\/v2\/pages\/131\/revisions\/532"}],"wp:attachment":[{"href":"https:\/\/cojimies.com\/index.php\/wp-json\/wp\/v2\/media?parent=131"}],"curies":[{"name":"wp","href":"https:\/\/api.w.org\/{rel}","templated":true}]}}